{"id":69,"date":"2023-11-24T12:54:13","date_gmt":"2023-11-24T11:54:13","guid":{"rendered":"https:\/\/nudeoexpo.art\/NoMore.photo\/?page_id=69"},"modified":"2023-11-24T12:58:41","modified_gmt":"2023-11-24T11:58:41","slug":"donnees-personnelles","status":"publish","type":"page","link":"https:\/\/nudeoexpo.art\/NoMore.photo\/donnees-personnelles\/","title":{"rendered":"Donn\u00e9es Personnelles"},"content":{"rendered":"  <div id=\"page-header-1709314818\" class=\"page-header-wrapper\">\n  <div class=\"page-title dark featured-title\">\n\n    \n    <div class=\"page-title-inner container align-center text-center flex-row-col medium-flex-wrap\" >\n              <div class=\"title-wrapper flex-col\">\n          <h1 class=\"entry-title mb-0\">\n            Donn\u00e9es Personnelles          <\/h1>\n        <\/div>\n                    <div class=\"title-content flex-col\">\n        <div class=\"title-breadcrumbs pb-half pt-half\"><\/div>      <\/div>\n    <\/div>\n\n       <\/div>\n    <\/div>\n  \n<div class=\"is-divider divider clearfix\" style=\"max-width:1080px;height:1px;\"><\/div>\n<p>NoMore.photo est responsable des traitements de vos donn\u00e9es \u00e0 caract\u00e8re personnel en lien avec son site web.<\/p>\n<p>Vos donn\u00e9es sont exclusivement utilis\u00e9es par NoMore.photo et ne seront transmises \u00e0 aucune entit\u00e9 ext\u00e9rieure.<\/p>\n<p>Conform\u00e9ment \u00e0 la loi \u00ab Informatique et Libert\u00e9s \u00bb et au r\u00e8glement europ\u00e9en n\u00b0 2016\/679, vous b\u00e9n\u00e9ficiez des droits suivants :<\/p>\n<ul>\n<li>Droit d\u2019acc\u00e8s : Vous avez le droit d\u2019acc\u00e9der aux donn\u00e9es dont NoMore.photo dispose sur vous dans le cadre de ce traitement.<\/li>\n<li>Droit de rectification : Vous avez le droit d\u2019obtenir de NoMore.photo, la rectification des donn\u00e9es \u00e0 caract\u00e8re personnel vous concernant qui seraient inexactes.<\/li>\n<li>Droit d\u2019effacement ou droit \u00e0 l\u2019oubli : Vous avez le droit d\u2019obtenir de NoMore.photo l\u2019effacement, des donn\u00e9es \u00e0 caract\u00e8re personnel vous concernant dans le cadre de ce traitement.<\/li>\n<li>Droit d\u2019opposition : Vous avez le droit de vous opposer, \u00e0 tout moment, au traitement de vos donn\u00e9es \u00e0 caract\u00e8re personnel.<\/li>\n<li>Droit \u00e0 la portabilit\u00e9 : Vous avez le droit de recevoir les donn\u00e9es \u00e0 caract\u00e8re personnel vous concernant dans un format structur\u00e9.<\/li>\n<li>Droit d\u2019introduire une r\u00e9clamation aupr\u00e8s d\u2019une autorit\u00e9 de contr\u00f4le et \u00e0 un recours juridictionnel effectif : Vous avez le droit d\u2019introduire une r\u00e9clamation aupr\u00e8s de l\u2019autorit\u00e9 de contr\u00f4le nationale, la CNIL, si vous consid\u00e9rez que les droits ont \u00e9t\u00e9 viol\u00e9s par le traitement de donn\u00e9es \u00e0 caract\u00e8re personnel en question.<\/li>\n<\/ul>\n<p>Vous pouvez exercer les droits ci-dessus aupr\u00e8s de NoMore.photo en envoyant un mail en ce sens, auquel vous joindrez un justificatif de votre identit\u00e9, \u00e0 l\u2019adresse suivante : nomore.photographies@gmail.com<\/p>\n<div class=\"is-divider divider clearfix\" style=\"max-width:1080px;height:1px;\"><\/div>\n","protected":false},"excerpt":{"rendered":"<p>NoMore.photo est responsable des traitements de vos donn\u00e9es \u00e0 caract\u00e8re personnel en lien avec son site web. Vos donn\u00e9es sont exclusivement utilis\u00e9es par NoMore.photo et ne seront transmises \u00e0 aucune entit\u00e9 ext\u00e9rieure. Conform\u00e9ment \u00e0 la loi \u00ab Informatique et Libert\u00e9s \u00bb et au r\u00e8glement europ\u00e9en n\u00b0 2016\/679, vous b\u00e9n\u00e9ficiez des droits suivants : Droit d\u2019acc\u00e8s [&#8230;]\n","protected":false},"author":1,"featured_media":0,"parent":0,"menu_order":0,"comment_status":"closed","ping_status":"closed","template":"","meta":{"footnotes":""},"class_list":["post-69","page","type-page","status-publish","hentry"],"_links":{"self":[{"href":"https:\/\/nudeoexpo.art\/NoMore.photo\/wp-json\/wp\/v2\/pages\/69","targetHints":{"allow":["GET"]}}],"collection":[{"href":"https:\/\/nudeoexpo.art\/NoMore.photo\/wp-json\/wp\/v2\/pages"}],"about":[{"href":"https:\/\/nudeoexpo.art\/NoMore.photo\/wp-json\/wp\/v2\/types\/page"}],"author":[{"embeddable":true,"href":"https:\/\/nudeoexpo.art\/NoMore.photo\/wp-json\/wp\/v2\/users\/1"}],"replies":[{"embeddable":true,"href":"https:\/\/nudeoexpo.art\/NoMore.photo\/wp-json\/wp\/v2\/comments?post=69"}],"version-history":[{"count":4,"href":"https:\/\/nudeoexpo.art\/NoMore.photo\/wp-json\/wp\/v2\/pages\/69\/revisions"}],"predecessor-version":[{"id":73,"href":"https:\/\/nudeoexpo.art\/NoMore.photo\/wp-json\/wp\/v2\/pages\/69\/revisions\/73"}],"wp:attachment":[{"href":"https:\/\/nudeoexpo.art\/NoMore.photo\/wp-json\/wp\/v2\/media?parent=69"}],"curies":[{"name":"wp","href":"https:\/\/api.w.org\/{rel}","templated":true}]}}