{"id":62,"date":"2023-11-24T12:39:19","date_gmt":"2023-11-24T11:39:19","guid":{"rendered":"https:\/\/nudeoexpo.art\/NoMore.photo\/?page_id=62"},"modified":"2023-11-24T13:00:47","modified_gmt":"2023-11-24T12:00:47","slug":"cgu","status":"publish","type":"page","link":"https:\/\/nudeoexpo.art\/NoMore.photo\/cgu\/","title":{"rendered":"Conditions G\u00e9n\u00e9rales d&rsquo;Utilisation du Site"},"content":{"rendered":"  <div id=\"page-header-135006301\" class=\"page-header-wrapper\">\n  <div class=\"page-title dark featured-title\">\n\n    \n    <div class=\"page-title-inner container align-center text-center flex-row-col medium-flex-wrap\" >\n              <div class=\"title-wrapper flex-col\">\n          <h1 class=\"entry-title mb-0\">\n            Conditions G\u00e9n\u00e9rales d&rsquo;Utilisation du Site          <\/h1>\n        <\/div>\n                    <div class=\"title-content flex-col\">\n        <div class=\"title-breadcrumbs pb-half pt-half\"><\/div>      <\/div>\n    <\/div>\n\n       <\/div>\n    <\/div>\n  \n<div class=\"is-divider divider clearfix\" style=\"max-width:1080px;height:1px;\"><\/div>\n<p>Le site \u00ab\u00a0NoMore.photo\u00a0\u00bb, ci-apr\u00e8s d\u00e9nomm\u00e9 \u00ab\u00a0<strong>le Site<\/strong>\u00a0\u00bb est un portail permettant de rendre accessible aux internautes ses donn\u00e9es et informations \u00e0 nature artistique.<br \/>\nToute personne acc\u00e9dant \u00e0 ce Site, \u00e0 l\u2019une de ses offres \u00e9ditoriales, \u00e0 l\u2019une des applications ou services associ\u00e9s, accepte et s\u2019engage \u00e0 respecter, sans restriction ni r\u00e9serve, les pr\u00e9sentes conditions g\u00e9n\u00e9rales d\u2019utilisation en vigueur.<\/p>\n<p><strong>Objet<\/strong><br \/>\nLes pr\u00e9sentes conditions g\u00e9n\u00e9rales d\u2019utilisation ont pour objet de d\u00e9finir les modalit\u00e9s d\u2019acc\u00e8s et de r\u00e9utilisation des contenus et donn\u00e9es pr\u00e9sents sur le Site \u00ab\u00a0NoMore.photo\u00a0\u00bb.<\/p>\n<p><strong>Avertissement<\/strong><br \/>\nNoMore.photo se r\u00e9serve le droit d\u2019apporter des modifications substantielles ou non, \u00e0 tout moment et sans pr\u00e9avis, aux pr\u00e9sentes conditions g\u00e9n\u00e9rales d\u2019utilisation.<\/p>\n<p><strong>Acc\u00e8s<\/strong><strong><br \/>\n<\/strong>Pour utiliser le Site, vous affirmez que vous avez au moins dix-huit (18) ans et\/ou l\u2019\u00e2ge de la majorit\u00e9 dans la juridiction o\u00f9 vous r\u00e9sidez et \u00e0 partir de laquelle vous acc\u00e9dez au site o\u00f9 l\u2019\u00e2ge de la majorit\u00e9 est sup\u00e9rieur \u00e0 dix-huit (18) ans.<br \/>\nSi vous avez moins de 18 ans et\/ou si vous \u00eates en dessous de l\u2019\u00e2ge de la majorit\u00e9 dans la juridiction o\u00f9 vous r\u00e9sidez et \u00e0 partir de laquelle vous acc\u00e9dez au site Web, vous n\u2019\u00eates pas autoris\u00e9 \u00e0 utiliser le Site.<\/p>\n<p><strong>Propri\u00e9t\u00e9 intellectuelle et r\u00e9utilisation<\/strong><\/p>\n<p>Structure g\u00e9n\u00e9rale du site\u00a0:<br \/>\nLa structure g\u00e9n\u00e9rale du Site est la propri\u00e9t\u00e9 exclusive de NoMore.photo.<\/p>\n<p>Marques\u00a0:<br \/>\nLes marques de NoMore.photo et de ses partenaires, ainsi que les logos figurant sur le Site, sont des marques d\u00e9pos\u00e9es et enregistr\u00e9es aupr\u00e8s de l\u2019Institut National de la Propri\u00e9t\u00e9 Intellectuelle et sont, \u00e0 ce titre, prot\u00e9g\u00e9es par un droit de propri\u00e9t\u00e9 intellectuelle<br \/>\nToute reproduction totale ou partielle de ces marques et\/ou logos effectu\u00e9e \u00e0 partir des \u00e9l\u00e9ments du Site sans l\u2019autorisation expresse de NoMore.photo ou de leur propri\u00e9taire est strictement interdite et constitue un d\u00e9lit de contrefa\u00e7on au sens du Code de la propri\u00e9t\u00e9 intellectuelle.<\/p>\n<p>Ressources\u00a0:<br \/>\nLe terme de \u00ab\u00a0Ressources\u00a0\u00bb comprend tous les contenus pr\u00e9sent\u00e9s dans le centre de ressource du Site, notamment les images fixes ou anim\u00e9es, captures d\u2019\u00e9cran, illustrations, textes et ouvrages complets ou par extrait, les fichiers sonores (captations de conf\u00e9rences, entretiens, \u0153uvres ou parties d\u2019\u0153uvres musicales, installations sonores, etc.)<br \/>\nNoMore.photo met \u00e0 disposition des internautes ces Ressources, prot\u00e9g\u00e9es dans leur utilisation par les lois en vigueur. Leur r\u00e9utilisation est soumise \u00e0 une demande pr\u00e9alable directement aupr\u00e8s des ayants droit, des soci\u00e9t\u00e9s de gestion de droits d\u2019auteur les repr\u00e9sentant ou le cas \u00e9ch\u00e9ant de NoMore.photo.<br \/>\nFaute d\u2019autorisation, toute reproduction ou repr\u00e9sentation totale ou partielle, toute utilisation, toute adaptation, toute mise \u00e0 disposition ou modification de ces \u00e9l\u00e9ments est strictement interdite et constitue un d\u00e9lit de contrefa\u00e7on au sens du Code de la propri\u00e9t\u00e9 intellectuelle.<\/p>\n<p>Liens hypertextes\u00a0:<br \/>\nLe Site peut fournir des liens hypertextes pointant vers des sites Internet \u00e9dit\u00e9s par des tiers et des r\u00e9f\u00e9rences \u00e0 d\u2019autres sites Internet. Ces liens ou r\u00e9f\u00e9rences ne constituent ni une approbation ni une validation de leurs contenus. L\u2019\u00c9diteur du Site ne pourra en aucun cas \u00eatre tenu responsable de la teneur desdits contenus ni d\u2019aucun dommage ou pr\u00e9judice en d\u00e9coulant.<br \/>\nDe plus, l\u2019\u00c9diteur ne disposant d\u2019aucun moyen de contr\u00f4le et de surveillance des sites r\u00e9f\u00e9renc\u00e9s ni de leurs \u00e9volutions ou mises \u00e0 jour, la fourniture de liens hypertextes n\u2019engendre \u00e0 son \u00e9gard aucune obligation de quelque nature que ce soit.<br \/>\nLa cr\u00e9ation de liens hypertextes en direction du Site est libre \u00e0 la condition qu\u2019elle ne porte pas atteinte aux int\u00e9r\u00eats mat\u00e9riels ou moraux de NoMore.photo, qu\u2019elle ne cr\u00e9e pas de confusion sur la source des contenus, et qu\u2019elle se fasse dans le respect des lois en vigueur notamment du droit d\u2019auteur.<\/p>\n<p><strong>Responsabilit\u00e9<\/strong><\/p>\n<p>Le Site et ses dispositifs peuvent \u00eatre momentan\u00e9ment indisponibles, NoMore.photo s\u2019engageant \u00e0 r\u00e9tablir le service dans les plus brefs d\u00e9lais. De m\u00eame, NoMore.photo pourra proc\u00e9der, sans pr\u00e9avis, notification ou indemnit\u00e9, \u00e0 toute modification du Service, de son contenu et\/ou de ses conditions d\u2019acc\u00e8s.<br \/>\nNoMore.photo ne peut \u00eatre tenu responsable des dommages directs et indirects, pr\u00e9visibles et impr\u00e9visibles tels que pertes de gains ou de profits, pertes de donn\u00e9es, perte de mat\u00e9riel ainsi que des frais de r\u00e9paration, r\u00e9cup\u00e9ration ou reproduction r\u00e9sultant de l\u2019utilisation et\/ou de l\u2019impossibilit\u00e9 d\u2019utiliser les services et contenus du Site.<\/p>\n<p><strong>Loi applicable et juridiction comp\u00e9tente<\/strong><\/p>\n<p>Les pr\u00e9sentes conditions g\u00e9n\u00e9rales d\u2019utilisation sont enti\u00e8rement soumises au droit fran\u00e7ais et aux juridictions fran\u00e7aises. En cas de diff\u00e9rend, l\u2019internaute et NoMore.photo s\u2019efforceront de r\u00e9soudre ce litige \u00e0 l\u2019amiable. \u00c0 d\u00e9faut, ils reconnaissent la comp\u00e9tence exclusive des tribunaux comp\u00e9tents de Paris.<\/p>\n<div class=\"is-divider divider clearfix\" style=\"max-width:1080px;height:1px;\"><\/div>\n","protected":false},"excerpt":{"rendered":"<p>Le site \u00ab\u00a0NoMore.photo\u00a0\u00bb, ci-apr\u00e8s d\u00e9nomm\u00e9 \u00ab\u00a0le Site\u00a0\u00bb est un portail permettant de rendre accessible aux internautes ses donn\u00e9es et informations \u00e0 nature artistique. Toute personne acc\u00e9dant \u00e0 ce Site, \u00e0 l\u2019une de ses offres \u00e9ditoriales, \u00e0 l\u2019une des applications ou services associ\u00e9s, accepte et s\u2019engage \u00e0 respecter, sans restriction ni r\u00e9serve, les pr\u00e9sentes conditions g\u00e9n\u00e9rales [&#8230;]\n","protected":false},"author":1,"featured_media":0,"parent":0,"menu_order":0,"comment_status":"closed","ping_status":"closed","template":"","meta":{"footnotes":""},"class_list":["post-62","page","type-page","status-publish","hentry"],"_links":{"self":[{"href":"https:\/\/nudeoexpo.art\/NoMore.photo\/wp-json\/wp\/v2\/pages\/62","targetHints":{"allow":["GET"]}}],"collection":[{"href":"https:\/\/nudeoexpo.art\/NoMore.photo\/wp-json\/wp\/v2\/pages"}],"about":[{"href":"https:\/\/nudeoexpo.art\/NoMore.photo\/wp-json\/wp\/v2\/types\/page"}],"author":[{"embeddable":true,"href":"https:\/\/nudeoexpo.art\/NoMore.photo\/wp-json\/wp\/v2\/users\/1"}],"replies":[{"embeddable":true,"href":"https:\/\/nudeoexpo.art\/NoMore.photo\/wp-json\/wp\/v2\/comments?post=62"}],"version-history":[{"count":4,"href":"https:\/\/nudeoexpo.art\/NoMore.photo\/wp-json\/wp\/v2\/pages\/62\/revisions"}],"predecessor-version":[{"id":74,"href":"https:\/\/nudeoexpo.art\/NoMore.photo\/wp-json\/wp\/v2\/pages\/62\/revisions\/74"}],"wp:attachment":[{"href":"https:\/\/nudeoexpo.art\/NoMore.photo\/wp-json\/wp\/v2\/media?parent=62"}],"curies":[{"name":"wp","href":"https:\/\/api.w.org\/{rel}","templated":true}]}}